{"id":44,"date":"2019-10-06T13:06:33","date_gmt":"2019-10-06T12:06:33","guid":{"rendered":"http:\/\/betreut-zuhause.net\/?page_id=44"},"modified":"2025-07-27T10:31:00","modified_gmt":"2025-07-27T09:31:00","slug":"ueber-mich","status":"publish","type":"page","link":"http:\/\/betreut-zuhause.net\/?page_id=44","title":{"rendered":"&#x1f469;&#x200d;&#x2695;&#xfe0f; \u00dcber mich"},"content":{"rendered":"\n<p class=\"has-medium-font-size\">Die Altenpflege ist mehr als nur ein Beruf f\u00fcr mich \u2013 sie ist meine Berufung. Bereits mit 16 Jahren durfte ich erste Einblicke in einer Pflegeeinrichtung gewinnen, und seitdem hat mich dieser Weg nicht mehr losgelassen.<\/p>\n\n\n\n<p class=\"has-medium-font-size\">Mit Anfang 50 habe ich mich entschieden, einen neuen Schritt zu wagen: Ich bin in die Selbstst\u00e4ndigkeit gestartet und biete ausschlie\u00dflich stundenweise Seniorenbetreuung mit voller Aufmerksamkeit und ganz ohne Zeitdruck an. Begegnung auf Augenh\u00f6he, vertraute Gespr\u00e4che und bed\u00fcrfnisorientierte Hilfe stehen f\u00fcr mich im Mittelpunkt.<\/p>\n","protected":false},"excerpt":{"rendered":"<p>Die Altenpflege ist mehr als nur ein Beruf f\u00fcr mich \u2013 sie ist meine Berufung. Bereits mit 16 Jahren durfte [&hellip;]<\/p>\n","protected":false},"author":1,"featured_media":170,"parent":0,"menu_order":0,"comment_status":"closed","ping_status":"closed","template":"","meta":{"footnotes":""},"class_list":["post-44","page","type-page","status-publish","has-post-thumbnail","hentry"],"_links":{"self":[{"href":"http:\/\/betreut-zuhause.net\/index.php?rest_route=\/wp\/v2\/pages\/44","targetHints":{"allow":["GET"]}}],"collection":[{"href":"http:\/\/betreut-zuhause.net\/index.php?rest_route=\/wp\/v2\/pages"}],"about":[{"href":"http:\/\/betreut-zuhause.net\/index.php?rest_route=\/wp\/v2\/types\/page"}],"author":[{"embeddable":true,"href":"http:\/\/betreut-zuhause.net\/index.php?rest_route=\/wp\/v2\/users\/1"}],"replies":[{"embeddable":true,"href":"http:\/\/betreut-zuhause.net\/index.php?rest_route=%2Fwp%2Fv2%2Fcomments&post=44"}],"version-history":[{"count":9,"href":"http:\/\/betreut-zuhause.net\/index.php?rest_route=\/wp\/v2\/pages\/44\/revisions"}],"predecessor-version":[{"id":187,"href":"http:\/\/betreut-zuhause.net\/index.php?rest_route=\/wp\/v2\/pages\/44\/revisions\/187"}],"wp:featuredmedia":[{"embeddable":true,"href":"http:\/\/betreut-zuhause.net\/index.php?rest_route=\/wp\/v2\/media\/170"}],"wp:attachment":[{"href":"http:\/\/betreut-zuhause.net\/index.php?rest_route=%2Fwp%2Fv2%2Fmedia&parent=44"}],"curies":[{"name":"wp","href":"https:\/\/api.w.org\/{rel}","templated":true}]}}