{"id":59,"date":"2019-10-06T13:12:48","date_gmt":"2019-10-06T12:12:48","guid":{"rendered":"http:\/\/betreut-zuhause.net\/?page_id=59"},"modified":"2025-07-27T11:24:36","modified_gmt":"2025-07-27T10:24:36","slug":"leitungen","status":"publish","type":"page","link":"http:\/\/betreut-zuhause.net\/?page_id=59","title":{"rendered":"&#x1f91d; Meine Leistungen"},"content":{"rendered":"\n<h2 class=\"wp-block-heading\">Individuelle Begleitung in Ihrem Zuhause \u2013 ganz nach Ihrem Bedarf<\/h2>\n\n\n\n<p><\/p>\n\n\n\n<ul class=\"wp-block-list\">\n<li class=\"has-medium-font-size\">Unterst\u00fctzung im Alltag (z.\u202fB. Einkaufen, Spazierg\u00e4nge, Boteng\u00e4nge)<\/li>\n\n\n\n<li class=\"has-medium-font-size\">Gespr\u00e4che, Gesellschaft und gemeinsame Aktivit\u00e4ten (Spielen, Erinnerungen hervorholen,  Lesen oder R\u00e4tseln)<\/li>\n\n\n\n<li class=\"has-medium-font-size\">Hilfe bei pers\u00f6nlichen und sozialen Anliegen (K\u00f6rperpflege, Arztbesuche)<\/li>\n\n\n\n<li class=\"has-medium-font-size\">Entlastung von Angeh\u00f6rigen durch zuverl\u00e4ssige stundenweise Betreuung<\/li>\n<\/ul>\n\n\n\n<p class=\"has-medium-font-size\">Ich nehme mir Zeit \u2013 f\u00fcr Sie und das, was Ihnen wichtig ist. Vereinbaren Sie Ihren unverbindlichen Beratungstermin.<\/p>\n","protected":false},"excerpt":{"rendered":"<p>Individuelle Begleitung in Ihrem Zuhause \u2013 ganz nach Ihrem Bedarf Ich nehme mir Zeit \u2013 f\u00fcr Sie und das, was [&hellip;]<\/p>\n","protected":false},"author":1,"featured_media":0,"parent":0,"menu_order":0,"comment_status":"closed","ping_status":"closed","template":"","meta":{"footnotes":""},"class_list":["post-59","page","type-page","status-publish","hentry"],"_links":{"self":[{"href":"http:\/\/betreut-zuhause.net\/index.php?rest_route=\/wp\/v2\/pages\/59","targetHints":{"allow":["GET"]}}],"collection":[{"href":"http:\/\/betreut-zuhause.net\/index.php?rest_route=\/wp\/v2\/pages"}],"about":[{"href":"http:\/\/betreut-zuhause.net\/index.php?rest_route=\/wp\/v2\/types\/page"}],"author":[{"embeddable":true,"href":"http:\/\/betreut-zuhause.net\/index.php?rest_route=\/wp\/v2\/users\/1"}],"replies":[{"embeddable":true,"href":"http:\/\/betreut-zuhause.net\/index.php?rest_route=%2Fwp%2Fv2%2Fcomments&post=59"}],"version-history":[{"count":19,"href":"http:\/\/betreut-zuhause.net\/index.php?rest_route=\/wp\/v2\/pages\/59\/revisions"}],"predecessor-version":[{"id":197,"href":"http:\/\/betreut-zuhause.net\/index.php?rest_route=\/wp\/v2\/pages\/59\/revisions\/197"}],"wp:attachment":[{"href":"http:\/\/betreut-zuhause.net\/index.php?rest_route=%2Fwp%2Fv2%2Fmedia&parent=59"}],"curies":[{"name":"wp","href":"https:\/\/api.w.org\/{rel}","templated":true}]}}