{"id":71,"date":"2019-10-06T14:10:59","date_gmt":"2019-10-06T13:10:59","guid":{"rendered":"http:\/\/betreut-zuhause.net\/?page_id=71"},"modified":"2025-07-27T10:54:41","modified_gmt":"2025-07-27T09:54:41","slug":"kontakt","status":"publish","type":"page","link":"http:\/\/betreut-zuhause.net\/?page_id=71","title":{"rendered":"&#x1f4de; Kontakt"},"content":{"rendered":"\n<h2 class=\"wp-block-heading\">Ich freue mich darauf, Sie kennenzulernen<\/h2>\n\n\n\n<p class=\"has-medium-font-size\">Ob f\u00fcr ein erstes Beratungsgespr\u00e4ch oder konkrete Unterst\u00fctzung \u2013 nehmen Sie gern Kontakt zu mir auf. Gemeinsam finden wir heraus, wie ich Sie am besten begleiten kann.<\/p>\n\n\n\n<p>&#x1f4cd; Standort: 81673 M\u00fcnchen, Virgilstra\u00dfe 9<\/p>\n\n\n\n<p>&#x1f4de; Telefon: +49 89 43 60 79 55<\/p>\n\n\n\n<p>&#x1f4e7; E-Mail: <a href=\"mailto:info@betreut-zuhause.net\">info@betreut-zuhause.net<\/a><\/p>\n","protected":false},"excerpt":{"rendered":"<p>Ich freue mich darauf, Sie kennenzulernen Ob f\u00fcr ein erstes Beratungsgespr\u00e4ch oder konkrete Unterst\u00fctzung \u2013 nehmen Sie gern Kontakt zu [&hellip;]<\/p>\n","protected":false},"author":1,"featured_media":110,"parent":0,"menu_order":0,"comment_status":"closed","ping_status":"closed","template":"","meta":{"footnotes":""},"class_list":["post-71","page","type-page","status-publish","has-post-thumbnail","hentry"],"_links":{"self":[{"href":"http:\/\/betreut-zuhause.net\/index.php?rest_route=\/wp\/v2\/pages\/71","targetHints":{"allow":["GET"]}}],"collection":[{"href":"http:\/\/betreut-zuhause.net\/index.php?rest_route=\/wp\/v2\/pages"}],"about":[{"href":"http:\/\/betreut-zuhause.net\/index.php?rest_route=\/wp\/v2\/types\/page"}],"author":[{"embeddable":true,"href":"http:\/\/betreut-zuhause.net\/index.php?rest_route=\/wp\/v2\/users\/1"}],"replies":[{"embeddable":true,"href":"http:\/\/betreut-zuhause.net\/index.php?rest_route=%2Fwp%2Fv2%2Fcomments&post=71"}],"version-history":[{"count":11,"href":"http:\/\/betreut-zuhause.net\/index.php?rest_route=\/wp\/v2\/pages\/71\/revisions"}],"predecessor-version":[{"id":191,"href":"http:\/\/betreut-zuhause.net\/index.php?rest_route=\/wp\/v2\/pages\/71\/revisions\/191"}],"wp:featuredmedia":[{"embeddable":true,"href":"http:\/\/betreut-zuhause.net\/index.php?rest_route=\/wp\/v2\/media\/110"}],"wp:attachment":[{"href":"http:\/\/betreut-zuhause.net\/index.php?rest_route=%2Fwp%2Fv2%2Fmedia&parent=71"}],"curies":[{"name":"wp","href":"https:\/\/api.w.org\/{rel}","templated":true}]}}